{"id":9333,"date":"2025-03-19T17:56:26","date_gmt":"2025-03-19T17:56:26","guid":{"rendered":"http:\/\/zuzi-shop.cz\/?post_type=product&#038;p=9333"},"modified":"2025-04-10T11:41:39","modified_gmt":"2025-04-10T10:41:39","slug":"kocici-klicenky-typ-3","status":"publish","type":"product","link":"https:\/\/zuzi-shop.cz\/?product=kocici-klicenky-typ-3","title":{"rendered":"Ko\u010di\u010d\u00ed kl\u00ed\u010denky Typ 3"},"content":{"rendered":"<p style=\"text-align: center;\"><strong>Materi\u00e1l &#8211; prysky\u0159ice<\/strong><\/p>\n<p style=\"text-align: center;\">Pokud by jste cht\u011bli v\u00edce kus\u016f jedn\u00e9 barvy napi\u0161te mi zpr\u00e1vu a ur\u010dit\u011b se domluv\u00edme.<\/p>\n<p style=\"text-align: center;\">V\u0161echny Kl\u00ed\u010denky jsou vyr\u00e1b\u011bn\u00e9 ru\u010dn\u011b a ka\u017ed\u00fd kus je origin\u00e1l, tud\u00ed\u017e se mi nikdy nepovede vyrobit identick\u00fd kus.<\/p>\n","protected":false},"excerpt":{"rendered":"<p>Materi\u00e1l &#8211; prysky\u0159ice Pokud by jste cht\u011bli v\u00edce kus\u016f jedn\u00e9 barvy napi\u0161te mi zpr\u00e1vu a ur\u010dit\u011b se domluv\u00edme. V\u0161echny Kl\u00ed\u010denky jsou vyr\u00e1b\u011bn\u00e9 ru\u010dn\u011b a ka\u017ed\u00fd kus je origin\u00e1l, tud\u00ed\u017e se mi nikdy nepovede vyrobit identick\u00fd kus.<\/p>\n","protected":false},"featured_media":9340,"comment_status":"open","ping_status":"closed","template":"","meta":[],"product_brand":[],"product_cat":[52],"product_tag":[],"class_list":{"0":"post-9333","1":"product","2":"type-product","3":"status-publish","4":"has-post-thumbnail","6":"product_cat-kocicky","8":"first","9":"instock","10":"shipping-taxable","11":"purchasable","12":"product-type-variable"},"jetpack_sharing_enabled":true,"_links":{"self":[{"href":"https:\/\/zuzi-shop.cz\/index.php?rest_route=\/wp\/v2\/product\/9333","targetHints":{"allow":["GET"]}}],"collection":[{"href":"https:\/\/zuzi-shop.cz\/index.php?rest_route=\/wp\/v2\/product"}],"about":[{"href":"https:\/\/zuzi-shop.cz\/index.php?rest_route=\/wp\/v2\/types\/product"}],"replies":[{"embeddable":true,"href":"https:\/\/zuzi-shop.cz\/index.php?rest_route=%2Fwp%2Fv2%2Fcomments&post=9333"}],"wp:featuredmedia":[{"embeddable":true,"href":"https:\/\/zuzi-shop.cz\/index.php?rest_route=\/wp\/v2\/media\/9340"}],"wp:attachment":[{"href":"https:\/\/zuzi-shop.cz\/index.php?rest_route=%2Fwp%2Fv2%2Fmedia&parent=9333"}],"wp:term":[{"taxonomy":"product_brand","embeddable":true,"href":"https:\/\/zuzi-shop.cz\/index.php?rest_route=%2Fwp%2Fv2%2Fproduct_brand&post=9333"},{"taxonomy":"product_cat","embeddable":true,"href":"https:\/\/zuzi-shop.cz\/index.php?rest_route=%2Fwp%2Fv2%2Fproduct_cat&post=9333"},{"taxonomy":"product_tag","embeddable":true,"href":"https:\/\/zuzi-shop.cz\/index.php?rest_route=%2Fwp%2Fv2%2Fproduct_tag&post=9333"}],"curies":[{"name":"wp","href":"https:\/\/api.w.org\/{rel}","templated":true}]}}