{"id":9457,"date":"2025-03-20T10:52:08","date_gmt":"2025-03-20T10:52:08","guid":{"rendered":"http:\/\/zuzi-shop.cz\/?post_type=product&#038;p=9457"},"modified":"2025-03-26T10:46:49","modified_gmt":"2025-03-26T10:46:49","slug":"macrame-zaves-na-kvetinac","status":"publish","type":"product","link":"https:\/\/zuzi-shop.cz\/?product=macrame-zaves-na-kvetinac","title":{"rendered":"Macram\u00e9 z\u00e1v\u011bs na kv\u011btin\u00e1\u010d B\u011b\u017eovo\u010derven\u00fd"},"content":{"rendered":"<p style=\"text-align: center;\"><strong>Materi\u00e1l &#8211; bavlna<\/strong><\/p>\n<p style=\"text-align: center;\">Macram\u00e9 z\u00e1v\u011bsn\u00e9 kv\u011btin\u00e1\u010de jsou skv\u011bl\u00fdm dopl\u0148kem do va\u0161\u00ed dom\u00e1cnosti, balk\u00f3n nebo pergolu.<\/p>\n<p style=\"text-align: center;\">Z\u00e1v\u011bsy m\u00e1m vyroben\u00e9 po jednom kusu. Pokud by jste cht\u011bli vyrobit v\u00edce kus\u016f ve stejn\u00e9 barv\u011b napi\u0161te mi zpr\u00e1vu a ur\u010dit\u011b se domluv\u00edme.<\/p>\n<p style=\"text-align: center;\">Z\u00e1v\u011bsy jsou na r\u016fzn\u00e9 rozm\u011bry kv\u011btin\u00e1\u010d\u016f.<\/p>\n<p style=\"text-align: center;\">D\u00e9lka od kole\u010dka po st\u0159apec &#8211; 77 cm<\/p>\n","protected":false},"excerpt":{"rendered":"<p>Materi\u00e1l &#8211; bavlna Macram\u00e9 z\u00e1v\u011bsn\u00e9 kv\u011btin\u00e1\u010de jsou skv\u011bl\u00fdm dopl\u0148kem do va\u0161\u00ed dom\u00e1cnosti, balk\u00f3n nebo pergolu. Z\u00e1v\u011bsy m\u00e1m vyroben\u00e9 po jednom kusu. Pokud by jste cht\u011bli vyrobit v\u00edce kus\u016f ve stejn\u00e9 barv\u011b napi\u0161te mi zpr\u00e1vu a ur\u010dit\u011b se domluv\u00edme. Z\u00e1v\u011bsy jsou na r\u016fzn\u00e9 rozm\u011bry kv\u011btin\u00e1\u010d\u016f. D\u00e9lka od kole\u010dka po st\u0159apec &#8211; 77 cm<\/p>\n","protected":false},"featured_media":9458,"comment_status":"open","ping_status":"closed","template":"","meta":[],"product_brand":[],"product_cat":[39],"product_tag":[],"class_list":{"0":"post-9457","1":"product","2":"type-product","3":"status-publish","4":"has-post-thumbnail","6":"product_cat-macrame","8":"first","9":"instock","10":"shipping-taxable","11":"purchasable","12":"product-type-simple"},"jetpack_sharing_enabled":true,"_links":{"self":[{"href":"https:\/\/zuzi-shop.cz\/index.php?rest_route=\/wp\/v2\/product\/9457","targetHints":{"allow":["GET"]}}],"collection":[{"href":"https:\/\/zuzi-shop.cz\/index.php?rest_route=\/wp\/v2\/product"}],"about":[{"href":"https:\/\/zuzi-shop.cz\/index.php?rest_route=\/wp\/v2\/types\/product"}],"replies":[{"embeddable":true,"href":"https:\/\/zuzi-shop.cz\/index.php?rest_route=%2Fwp%2Fv2%2Fcomments&post=9457"}],"wp:featuredmedia":[{"embeddable":true,"href":"https:\/\/zuzi-shop.cz\/index.php?rest_route=\/wp\/v2\/media\/9458"}],"wp:attachment":[{"href":"https:\/\/zuzi-shop.cz\/index.php?rest_route=%2Fwp%2Fv2%2Fmedia&parent=9457"}],"wp:term":[{"taxonomy":"product_brand","embeddable":true,"href":"https:\/\/zuzi-shop.cz\/index.php?rest_route=%2Fwp%2Fv2%2Fproduct_brand&post=9457"},{"taxonomy":"product_cat","embeddable":true,"href":"https:\/\/zuzi-shop.cz\/index.php?rest_route=%2Fwp%2Fv2%2Fproduct_cat&post=9457"},{"taxonomy":"product_tag","embeddable":true,"href":"https:\/\/zuzi-shop.cz\/index.php?rest_route=%2Fwp%2Fv2%2Fproduct_tag&post=9457"}],"curies":[{"name":"wp","href":"https:\/\/api.w.org\/{rel}","templated":true}]}}